{"id":58,"date":"2020-11-09T11:49:38","date_gmt":"2020-11-09T10:49:38","guid":{"rendered":"https:\/\/boisdolivier.fr\/?page_id=58"},"modified":"2025-03-10T12:00:03","modified_gmt":"2025-03-10T11:00:03","slug":"contactez-nous","status":"publish","type":"page","link":"https:\/\/boisdolivier.fr\/fr\/contactez-nous\/","title":{"rendered":"Contact"},"content":{"rendered":"<p><img decoding=\"async\" src=\"\/wp-content\/uploads\/2020\/11\/icone-arbre-le-travail-du-bois-dolivier.svg\" alt=\"\"><\/p>\n<h1>Me contacter<\/h1>\n<div>Pour plus d&rsquo;informations, n&rsquo;h\u00e9sitez pas <\/div>\n<div><span uk-icon=\"icon: info; ratio: 1\"><\/span> Je ne propose pas de vente en ligne ou par correspondance,<br \/> mes produits sont exclusivement disponibles dans ma boutique<br \/> de Tourrettes-sur-Loup.<\/div>\n<ul>\n<li>\n<h2>La Boutique<\/h2>\n<div>4 Grande Rue<br \/>\n<br \/>06140 Tourrettes sur Loup<\/p>\n<p>\n<a class=\"el-content uk-button uk-button-text\" href=\"https:\/\/goo.gl\/maps\/ux4TtKXmJqeriQdk6\" target=\"_blank\"><br \/>\nGoogle map<br \/>\n<\/a><br \/>\n<br \/>T\u00e9l. <a class=\"uk-link-toggle\" href=\"tel:+33624342935\">+(33)6 24 34 29 35<\/a>\n<\/div>\n<\/li>\n<li>\n<h2>Horaires d&rsquo;ouverture<\/h2>\n<div>7 jours sur 7 &#038; toute l\u2019ann\u00e9e <br \/>\n14h \u2013 17h30<\/div>\n<\/li>\n<li>\n<h2>Me suivre<\/h2>\n<div>\n<div uk-grid class=\"uk-flex-center uk-child-width-auto uk-grid-medium\">\n<div>\n    <a href=\"https:\/\/fr-fr.facebook.com\/LeTravailduBoisdOlivier\" target=\"_blank\" uk-icon=\"facebook\"><\/a>\n    <\/div>\n<div>\n    <a href=\"https:\/\/www.instagram.com\/boisdolivier06\/\" target=\"_blank\" uk-icon=\"instagram\"><\/a>\n    <\/div>\n<div>\n    <a href=\"https:\/\/www.youtube.com\/user\/dubosqguillaume\/videos\" target=\"_blank\" uk-icon=\"youtube\"><\/a>\n    <\/div>\n<\/div>\n<\/div>\n<\/li>\n<\/ul>\n<p>\n    <a href=\"#formulaire-de-contact\">M&rsquo;envoyer un message<\/a>\n<\/p>\n<p><img decoding=\"async\" src=\"\/wp-content\/uploads\/2020\/11\/icone-arbre-le-travail-du-bois-dolivier.svg\" alt=\"icone arbre le travail du bois d'olivier\"><\/p>\n<h2>Envoyer un message<\/h2>\n<div>\n\r\n        \r\n\r\n                <form class=\"wpuf-form-add weforms-1998  wpuf-style\" action=\"\" method=\"post\"   id=\"\">\r\n\r\n            <ul class=\"wpuf-form form-label-above\">\r\n\r\n                        <li class=\"wpuf-el votre_nom field-size-large\" data-label=\"Votre nom\">\r\n                    <div class=\"wpuf-label\">\r\n            <label for=\"votre_nom_1998\">Votre nom <span class=\"required\">*<\/span><\/label>\r\n        <\/div>\r\n        \r\n            <div class=\"wpuf-fields\">\r\n                <div class=\"wpuf-name-field-wrap format-first-last\" data-style=\"wpuf-style\">\r\n                    <div class=\"wpuf-name-field-first-name\">\r\n                        <input\r\n                            name=\"votre_nom[first]\"\r\n                            type=\"text\"\r\n                            placeholder=\"Nom\"\r\n                            value=\"\"\r\n                            size=\"40\"\r\n                            data-required=\"yes\"\r\n                            data-type=\"text\"\r\n                            data-style=\"wpuf-style\"\r\n                            class=\"textfield wpuf_votre_nom_1998\"\r\n                            autocomplete=\"given-name\"\r\n                        >\r\n                                            <\/div>\r\n\r\n                                            <input type=\"hidden\" name=\"votre_nom[middle]\" value=\"\">\r\n                    \r\n                    <div class=\"wpuf-name-field-last-name\">\r\n                        <input\r\n                            name=\"votre_nom[last]\"\r\n                            type=\"text\" class=\"textfield\"\r\n                            placeholder=\"Pr\u00e9nom\"\r\n                            value=\"\"\r\n                            size=\"40\"\r\n                            autocomplete=\"family-name\"\r\n                            data-style=\"wpuf-style\"\r\n                        >\r\n                                            <\/div>\r\n                <\/div>\r\n                            <\/div>\r\n        <\/li>\r\n                <li class=\"wpuf-el votre_email field-size-large\" data-label=\"Votre email\">\r\n                    <div class=\"wpuf-label\">\r\n            <label for=\"votre_email_1998\">Votre email <span class=\"required\">*<\/span><\/label>\r\n        <\/div>\r\n        \r\n            <div class=\"wpuf-fields\">\r\n                <input\r\n                    id=\"votre_email_1998\"\r\n                    type=\"email\"\r\n                    class=\"email  wpuf_votre_email_1998\"\r\n                    data-duplicate=\"\"\r\n                    data-required=\"yes\"\r\n                    data-type=\"email\"\r\n                    data-style=\"wpuf-style\"\r\n                    name=\"votre_email\"\r\n                    placeholder=\"\"\r\n                    value=\"\"\r\n                    size=\"40\"\r\n                    autocomplete=\"email\"\r\n                \/>\r\n                            <\/div>\r\n        <\/li>\r\n                <li class=\"wpuf-el votre_message field-size-large\" data-label=\"Votre message\">\r\n                    <div class=\"wpuf-label\">\r\n            <label for=\"votre_message_1998\">Votre message <span class=\"required\">*<\/span><\/label>\r\n        <\/div>\r\n                                    <div class=\"wpuf-fields\">\r\n            \r\n                                    <textarea\r\n                        class=\"textareafield  wpuf_votre_message_1998\"\r\n                        id=\"votre_message_1998\"\r\n                        name=\"votre_message\"\r\n                        data-required=\"yes\"\r\n                        data-type=\"textarea\"\r\n                        placeholder=\"\"\r\n                        rows=\"5\"\r\n                        cols=\"25\"\r\n                        data-style=\"wpuf-style\"\r\n                    ><\/textarea>\r\n                    <span class=\"wpuf-wordlimit-message wpuf-help\"><\/span>\r\n\r\n                \r\n                        <\/div><\/li>\r\n         <li class=\"wpuf-el recaptcha\" data-label=\"\">\r\n\r\n                    <div class=\"wpuf-label\">\r\n            <label for=\"recaptcha_0\"><\/label>\r\n        <\/div>\r\n        \r\n                <div class=\"wpuf-fields  wpuf_recaptcha_1998\">\r\n                    <script>\r\n                        function weformsRecaptchaCallback(token) {\r\n                            jQuery('[name=\"g-recaptcha-response\"]').val(token);\r\n                            jQuery('.weforms_submit_btn').attr('disabled',false).show();\r\n                            jQuery('.weforms_submit_btn_recaptcha').hide();\r\n                        }\r\n\r\n                        jQuery(document).ready( function($) {\r\n                            $('.weforms_submit_btn').attr('disabled',true);\r\n                        });\r\n                    <\/script>\r\n\r\n                    <input type=\"hidden\" name=\"g-recaptcha-response\">\r\n                \r\n                    <script src=\"https:\/\/www.google.com\/recaptcha\/api.js\"><\/script>\r\n                    <div id='recaptcha' data-theme=\"light\" class=\"g-recaptcha\" data-sitekey=\"6LetbyUaAAAAAB26srahMamAOrGV8WJ57sEYxUus\" data-callback=\"weformsRecaptchaCallback\"><\/div>\r\n                \r\n                <\/div>\r\n\r\n            \r\n        <\/li>\r\n                <li class=\"wpuf-el custom_html\" data-label=\"Custom HTML\">\r\n            <div class=\"wpuf-fields html_1998 wpuf_custom_html_1998\" data-style=\"wpuf-style\">\r\n                <span class=\"uk-text-meta\">Les informations recueillies font l\u2019objet d\u2019un traitement informatique destin\u00e9 \u00e0 Dubosq & Fils. Les destinataires des donn\u00e9es sont : Guillaume Dubosq.\nConform\u00e9ment \u00e0 la loi \u00ab informatique et libert\u00e9s \u00bb du 6 janvier 1978 modifi\u00e9e en 2004, vous b\u00e9n\u00e9ficiez d\u2019un droit d\u2019acc\u00e8s et de rectification aux informations qui vous concernent, que vous pouvez exercer en vous adressant \u00e0 Dubosq & Fils \u2022 Le travail du bois d'olivier via ce formulaire de contact.<\/span>            <\/div>\r\n\r\n        <\/li>\r\n                <li class=\"wpuf-submit\">\r\n            <div class=\"wpuf-label\">\r\n                &nbsp;\r\n            <\/div>\r\n\r\n            <input type=\"hidden\" id=\"_wpnonce\" name=\"_wpnonce\" value=\"aa918bfbc7\" \/><input type=\"hidden\" name=\"_wp_http_referer\" value=\"\/fr\/wp-json\/wp\/v2\/pages\/58\" \/>\r\n            <input type=\"hidden\" name=\"form_id\" value=\"1998\">\r\n            <input type=\"hidden\" name=\"page_id\" value=\"58\">\r\n            <input type=\"hidden\" name=\"action\" value=\"weforms_frontend_submit\">\r\n\r\n                            <input type=\"hidden\" name=\"weforms-front-report\" value=\"no\">\r\n            \r\n            \r\n                            <input type=\"submit\" class=\"weforms_submit_btn wpuf_submit_1998\" name=\"submit\" value=\"Envoyer\" \/>\r\n                    <\/li>\r\n                <\/ul>\r\n\r\n        <\/form>\r\n                <\/div>\n<p><!--more--><br \/>\n<!-- {\"children\":[{\"type\":\"section\",\"props\":{\"animation\":\"slide-top-medium\",\"header_transparent\":true,\"header_transparent_noplaceholder\":false,\"header_transparent_text_color\":\"light\",\"height\":\"viewport\",\"height_offset_top\":true,\"image\":\"wp-content\\\/uploads\\\/2021\\\/01\\\/le-travail-du-bois-dolivier-tourrettes-sur-loup-1.jpg\",\"image_effect\":\"fixed\",\"image_parallax_bgy\":\"5vh,-5vh\",\"image_parallax_breakpoint\":\"s\",\"image_position\":\"center-center\",\"image_size\":\"cover\",\"image_width\":\"2560\",\"padding_remove_horizontal\":false,\"style\":\"default\",\"title_breakpoint\":\"xl\",\"title_position\":\"top-left\",\"title_rotation\":\"left\",\"vertical_align\":\"middle\",\"width\":\"small\"},\"children\":[{\"type\":\"row\",\"props\":{\"column_gap\":\"collapse\",\"row_gap\":\"collapse\"},\"children\":[{\"type\":\"column\",\"props\":{\"image_position\":\"center-center\",\"position_sticky_breakpoint\":\"m\",\"style\":\"tile-default\",\"text_color\":\"light\",\"vertical_align\":\"middle\"},\"children\":[{\"type\":\"image\",\"props\":{\"image\":\"wp-content\\\/uploads\\\/2020\\\/11\\\/Le-travail-du-bois-d-olivier-dubosq-et-fils-logo-_stamp.svg\",\"image_alt\":\"logo le travail du Bois d'olivier tampon\",\"image_svg_color\":\"primary\",\"image_svg_inline\":true,\"image_width\":\"140\",\"margin\":\"default\",\"margin_remove_bottom\":true,\"position\":\"absolute\",\"position_left\":\"-330\",\"position_top\":\"-200\",\"status\":\"disabled\",\"text_align\":\"center\",\"visibility\":\"m\"}},{\"type\":\"image\",\"props\":{\"animation\":\"slide-top-medium\",\"image\":\"wp-content\\\/uploads\\\/2020\\\/11\\\/icone-arbre-le-travail-du-bois-dolivier.svg\",\"image_svg_color\":\"emphasis\",\"image_svg_inline\":true,\"image_width\":\"120\",\"margin\":\"default\",\"margin_remove_bottom\":true,\"text_align\":\"center\"}},{\"type\":\"headline\",\"props\":{\"animation\":\"slide-top-small\",\"content\":\"Me contacter\",\"margin_remove_bottom\":true,\"margin_remove_top\":true,\"text_align\":\"center\",\"title_element\":\"h1\",\"title_font_family\":\"secondary\",\"title_style\":\"h3\"}},{\"type\":\"text\",\"props\":{\"animation\":\"slide-bottom-medium\",\"column_breakpoint\":\"m\",\"content\":\"Pour plus d'informations, n'h\\u00e9sitez pas \",\"css\":\".el-element { font-size: 19px;}\",\"margin\":\"small\",\"margin_remove_top\":true,\"text_align\":\"center\",\"text_color\":\"primary\",\"text_style\":\"lead\"},\"modified\":\"2021-01-15T09:27:44.811Z\",\"name\":\"sous-titre-headers\"},{\"type\":\"text\",\"props\":{\"column_breakpoint\":\"m\",\"content\":\"<span uk-icon=\\\"icon: info; ratio: 1\\\"><\\\/span> Je ne propose pas de vente en ligne ou par correspondance,<br \/> mes produits sont exclusivement disponibles dans ma boutique<br \/> de Tourrettes-sur-Loup.\",\"css\":\".el-element { font-size: 19px;}\",\"margin\":\"small\",\"margin_remove_top\":false,\"text_align\":\"center\",\"text_color\":\"danger\",\"text_style\":\"lead\"},\"modified\":\"2021-01-15T09:03:27.489Z\",\"name\":\"info pas de vente en ligne\"},{\"type\":\"divider\",\"props\":{\"animation\":\"slide-bottom-medium\",\"divider_element\":\"div\",\"divider_style\":\"vertical\",\"margin_remove_bottom\":true}},{\"type\":\"grid\",\"props\":{\"block_align\":\"center\",\"block_align_fallback\":\"center\",\"content_column_breakpoint\":\"m\",\"content_margin\":\"small\",\"filter_align\":\"left\",\"filter_all\":true,\"filter_grid_breakpoint\":\"m\",\"filter_grid_width\":\"auto\",\"filter_position\":\"top\",\"filter_style\":\"tab\",\"grid_column_gap\":\"small\",\"grid_default\":\"1\",\"grid_medium\":\"\",\"grid_row_gap\":\"large\",\"grid_small\":\"3\",\"icon_color\":\"primary\",\"icon_width\":\"35\",\"image_align\":\"top\",\"image_grid_breakpoint\":\"m\",\"image_grid_width\":\"1-2\",\"image_svg_color\":\"emphasis\",\"item_animation\":true,\"link_style\":\"default\",\"link_text\":\"\",\"margin\":\"medium\",\"margin_remove_bottom\":false,\"margin_remove_top\":false,\"maxwidth\":\"2xlarge\",\"meta_align\":\"below-title\",\"meta_element\":\"div\",\"meta_style\":\"text-meta\",\"panel_link\":true,\"parallax_easing\":\"1\",\"show_content\":true,\"show_image\":true,\"show_link\":true,\"show_meta\":true,\"show_title\":true,\"text_align\":\"center\",\"text_align_fallback\":\"center\",\"title_align\":\"top\",\"title_color\":\"primary\",\"title_element\":\"h2\",\"title_grid_breakpoint\":\"m\",\"title_grid_width\":\"1-2\",\"title_hover_style\":\"reset\",\"title_style\":\"h5\"},\"children\":[{\"type\":\"grid_item\",\"props\":{\"content\":\"4 Grande Rue\\n<br \/>06140 Tourrettes sur Loup\\n\\n<br \/>\\n<a class=\\\"el-content uk-button uk-button-text\\\" href=\\\"https:\\\/\\\/goo.gl\\\/maps\\\/ux4TtKXmJqeriQdk6\\\" target=\\\"_blank\\\">\\nGoogle map\\n<\\\/a>\\n<br \/>T\\u00e9l. <a class=\\\"uk-link-toggle\\\" href=\\\"tel:+33624342935\\\">+(33)6 24 34 29 35<\\\/a>\\n\",\"icon\":\"location\",\"title\":\"La Boutique\"}},{\"type\":\"grid_item\",\"props\":{\"content\":\"7 jours sur 7 & toute l\\u2019ann\\u00e9e <br \/>\\n14h \\u2013 17h30\",\"icon\":\"future\",\"title\":\"Horaires d'ouverture\"}},{\"type\":\"grid_item\",\"props\":{\"content\":\"\n\n<div uk-grid class=\\\"uk-flex-center uk-child-width-auto uk-grid-medium\\\">\\n    \n\n<div>\\n    <a href=\\\"https:\\\/\\\/fr-fr.facebook.com\\\/LeTravailduBoisdOlivier\\\" target=\\\"_blank\\\" uk-icon=\\\"facebook\\\"><\\\/a>\\n    <\\\/div>\\n    \n\n<div>\\n    <a href=\\\"https:\\\/\\\/www.instagram.com\\\/boisdolivier06\\\/\\\" target=\\\"_blank\\\" uk-icon=\\\"instagram\\\"><\\\/a>\\n    <\\\/div>\\n    \n\n<div>\\n    <a href=\\\"https:\\\/\\\/www.youtube.com\\\/user\\\/dubosqguillaume\\\/videos\\\" target=\\\"_blank\\\" uk-icon=\\\"youtube\\\"><\\\/a>\\n    <\\\/div>\\n<\\\/div>\",\"icon\":\"hashtag\",\"title\":\"Me suivre\"}}]},{\"type\":\"button\",\"props\":{\"button_size\":\"large\",\"fullwidth\":false,\"grid_column_gap\":\"small\",\"grid_row_gap\":\"small\",\"margin\":\"default\",\"text_align\":\"center\",\"visibility\":\"s\"},\"children\":[{\"type\":\"button_item\",\"props\":{\"button_style\":\"primary\",\"content\":\"M'envoyer un message\",\"icon\":\"arrow-down\",\"icon_align\":\"left\",\"link\":\"#formulaire-de-contact\"}}]}]}]}],\"name\":\"Contact\"},{\"type\":\"section\",\"props\":{\"header_transparent\":true,\"header_transparent_noplaceholder\":false,\"header_transparent_text_color\":\"light\",\"height\":\"viewport\",\"id\":\"formulaire-de-contact\",\"image\":\"wp-content\\\/uploads\\\/2021\\\/01\\\/le-travail-du-bois-dolivier-tourrettes-sur-loup-1.jpg\",\"image_effect\":\"fixed\",\"image_parallax_bgy\":\"5vh,-5vh\",\"image_parallax_breakpoint\":\"s\",\"image_position\":\"center-center\",\"image_size\":\"cover\",\"image_width\":\"2560\",\"padding_remove_horizontal\":false,\"style\":\"default\",\"title_breakpoint\":\"xl\",\"title_position\":\"top-left\",\"title_rotation\":\"left\",\"vertical_align\":\"middle\",\"width\":\"small\"},\"children\":[{\"type\":\"row\",\"props\":{\"column_gap\":\"collapse\",\"row_gap\":\"collapse\"},\"children\":[{\"type\":\"column\",\"props\":{\"image_position\":\"center-center\",\"position_sticky_breakpoint\":\"m\",\"style\":\"tile-default\",\"text_color\":\"light\",\"vertical_align\":\"middle\"},\"children\":[{\"type\":\"image\",\"props\":{\"image\":\"wp-content\\\/uploads\\\/2020\\\/11\\\/icone-arbre-le-travail-du-bois-dolivier.svg\",\"image_alt\":\"icone arbre le travail du bois d'olivier\",\"image_svg_color\":\"emphasis\",\"image_svg_inline\":true,\"image_width\":\"120\",\"margin\":\"default\",\"margin_remove_bottom\":true,\"text_align\":\"center\"}},{\"type\":\"headline\",\"props\":{\"content\":\"Envoyer un message\",\"margin_remove_top\":true,\"text_align\":\"center\",\"title_element\":\"h2\",\"title_font_family\":\"secondary\",\"title_style\":\"h4\"}},{\"type\":\"divider\",\"props\":{\"divider_element\":\"div\",\"divider_style\":\"vertical\"}},{\"type\":\"html\",\"props\":{\"content\":\"[weforms id=\\\"1998\\\"]\",\"css\":\".wpuf-form-add.wpuf-style ul.wpuf-form .wpuf-fields input[type=text] { padding: 14px;\\n    border-radius: 23px;}\\n\\n.wpuf-form-add.wpuf-style ul.wpuf-form .wpuf-fields input[type=email] { padding: 14px;\\n    border-radius: 23px;}\\n\\n.wpuf-form-add.wpuf-style ul.wpuf-form .wpuf-fields textarea { padding: 8px;\\n    border-radius: 13px;}\\n\\nform.wpuf-form-add.weforms-1998.wpuf-style {\\n    margin: 0px 50px; font-family: 'Hind';\\n}\\n\\n\\n\\n\\n\\n\\n\\nul.wpuf-form.form-label-above li .wpuf-label, ul.wpuf-form.form-label-above li .wpuf-fields {\\n\\tline-height: 12px;\\n}\\n\\n\\n#form-preview-stage.wpuf-style ul.wpuf-form .wpuf-fields input[type=text], .wpuf-form-add.wpuf-style ul.wpuf-form .wpuf-fields input[type=text], #form-preview-stage.wpuf-style ul.wpuf-form .wpuf-fields input[type=password], .wpuf-form-add.wpuf-style ul.wpuf-form .wpuf-fields input[type=password], #form-preview-stage.wpuf-style ul.wpuf-form .wpuf-fields input[type=email], .wpuf-form-add.wpuf-style ul.wpuf-form .wpuf-fields input[type=email], #form-preview-stage.wpuf-style ul.wpuf-form .wpuf-fields input[type=url], .wpuf-form-add.wpuf-style ul.wpuf-form .wpuf-fields input[type=url], #form-preview-stage.wpuf-style ul.wpuf-form .wpuf-fields input[type=number], .wpuf-form-add.wpuf-style ul.wpuf-form .wpuf-fields input[type=number], #form-preview-stage.wpuf-style ul.wpuf-form .wpuf-fields input[type=tel], .wpuf-form-add.wpuf-style ul.wpuf-form .wpuf-fields input[type=tel], #form-preview-stage.wpuf-style ul.wpuf-form .wpuf-fields textarea, .wpuf-form-add.wpuf-style ul.wpuf-form .wpuf-fields textarea { box-shadow: inset 0 1px 1px #fafafa; background-color: #efefef; border: none; font-family: 'Hind';}\\n\\nul.wpuf-form li { margin-bottom: 5px;}\\n\\n\\n@media (max-width: 767px) {\\nul.wpuf-form li .wpuf-fields .wpuf-name-field-wrap.format-first-last .wpuf-name-field-last-name, ul.wpuf-form li .wpuf-fields .wpuf-name-field-wrap.format-first-last .wpuf-name-field-first-name { margin-top: 5px;\\n}\\n    \\n    form.wpuf-form-add.weforms-1998.wpuf-style {\\n        margin: 0px;}\\n}\\n\\n#form-preview-stage.wpuf-style ul.wpuf-form .wpuf-submit input[type=submit], .wpuf-form-add.wpuf-style ul.wpuf-form .wpuf-submit input[type=submit] { background: #7f947f;\\n    border-color: #7f947f #7f947f #7f947f; border: 1px solid #7f947f; box-shadow: none;     color: #fff; text-shadow: none; border-radius: 23px; padding: 5px 60px;}\\n\\n.wpuf-success {\\n    background-color: #7f947f;\\n    border: 1px solid #7f947f;\\n    color: #ffffff;\\n    font-family: \\\"Hind\\\";\\n    padding: 10px;\\n}\\n\\n\\n\\n\\n\\n\\n\"}}]}]}],\"name\":\"Contact\"}],\"version\":\"4.4.4\",\"type\":\"layout\"} --><\/p>\n","protected":false},"excerpt":{"rendered":"<p>Me contacter Pour plus d&rsquo;informations, n&rsquo;h\u00e9sitez pas Je ne propose pas de vente en ligne ou par correspondance, mes produits sont exclusivement disponibles dans ma boutique de Tourrettes-sur-Loup. La Boutique 4 Grande Rue 06140 Tourrettes sur Loup Google map T\u00e9l. +(33)6 24 34 29 35 Horaires d&rsquo;ouverture 7 jours sur 7 &#038; toute l\u2019ann\u00e9e 14h [&hellip;]<\/p>\n","protected":false},"author":1,"featured_media":0,"parent":0,"menu_order":0,"comment_status":"closed","ping_status":"closed","template":"","meta":{"footnotes":""},"class_list":["post-58","page","type-page","status-publish","hentry"],"yoast_head":"<!-- This site is optimized with the Yoast SEO plugin v25.8 - https:\/\/yoast.com\/wordpress\/plugins\/seo\/ -->\n<title>Contact - Le Travail du Bois d&#039;Olivier<\/title>\n<meta name=\"robots\" content=\"index, follow, max-snippet:-1, max-image-preview:large, max-video-preview:-1\" \/>\n<link rel=\"canonical\" href=\"https:\/\/boisdolivier.fr\/fr\/contactez-nous\/\" \/>\n<meta property=\"og:locale\" content=\"fr_FR\" \/>\n<meta property=\"og:type\" content=\"article\" \/>\n<meta property=\"og:title\" content=\"Contact - Le Travail du Bois d&#039;Olivier\" \/>\n<meta property=\"og:description\" content=\"Me contacter Pour plus d&rsquo;informations, n&rsquo;h\u00e9sitez pas Je ne propose pas de vente en ligne ou par correspondance, mes produits sont exclusivement disponibles dans ma boutique de Tourrettes-sur-Loup. La Boutique 4 Grande Rue 06140 Tourrettes sur Loup Google map T\u00e9l. +(33)6 24 34 29 35 Horaires d&rsquo;ouverture 7 jours sur 7 &#038; toute l\u2019ann\u00e9e 14h [&hellip;]\" \/>\n<meta property=\"og:url\" content=\"https:\/\/boisdolivier.fr\/fr\/contactez-nous\/\" \/>\n<meta property=\"og:site_name\" content=\"Le Travail du Bois d&#039;Olivier\" \/>\n<meta property=\"article:modified_time\" content=\"2025-03-10T11:00:03+00:00\" \/>\n<meta name=\"twitter:card\" content=\"summary_large_image\" \/>\n<script type=\"application\/ld+json\" class=\"yoast-schema-graph\">{\"@context\":\"https:\/\/schema.org\",\"@graph\":[{\"@type\":\"WebPage\",\"@id\":\"https:\/\/boisdolivier.fr\/fr\/contactez-nous\/\",\"url\":\"https:\/\/boisdolivier.fr\/fr\/contactez-nous\/\",\"name\":\"Contact - Le Travail du Bois d&#039;Olivier\",\"isPartOf\":{\"@id\":\"https:\/\/boisdolivier.fr\/de\/#website\"},\"datePublished\":\"2020-11-09T10:49:38+00:00\",\"dateModified\":\"2025-03-10T11:00:03+00:00\",\"breadcrumb\":{\"@id\":\"https:\/\/boisdolivier.fr\/fr\/contactez-nous\/#breadcrumb\"},\"inLanguage\":\"fr-FR\",\"potentialAction\":[{\"@type\":\"ReadAction\",\"target\":[\"https:\/\/boisdolivier.fr\/fr\/contactez-nous\/\"]}]},{\"@type\":\"BreadcrumbList\",\"@id\":\"https:\/\/boisdolivier.fr\/fr\/contactez-nous\/#breadcrumb\",\"itemListElement\":[{\"@type\":\"ListItem\",\"position\":1,\"name\":\"Accueil\",\"item\":\"https:\/\/boisdolivier.fr\/fr\/\"},{\"@type\":\"ListItem\",\"position\":2,\"name\":\"Contact\"}]},{\"@type\":\"WebSite\",\"@id\":\"https:\/\/boisdolivier.fr\/de\/#website\",\"url\":\"https:\/\/boisdolivier.fr\/de\/\",\"name\":\"Le Travail du Bois d&#039;Olivier\",\"description\":\"Le travail artisanal du bois d&#039;olivier - Dubosq &amp; Fils\",\"potentialAction\":[{\"@type\":\"SearchAction\",\"target\":{\"@type\":\"EntryPoint\",\"urlTemplate\":\"https:\/\/boisdolivier.fr\/de\/?s={search_term_string}\"},\"query-input\":{\"@type\":\"PropertyValueSpecification\",\"valueRequired\":true,\"valueName\":\"search_term_string\"}}],\"inLanguage\":\"fr-FR\"}]}<\/script>\n<!-- \/ Yoast SEO plugin. -->","yoast_head_json":{"title":"Contact - Le Travail du Bois d&#039;Olivier","robots":{"index":"index","follow":"follow","max-snippet":"max-snippet:-1","max-image-preview":"max-image-preview:large","max-video-preview":"max-video-preview:-1"},"canonical":"https:\/\/boisdolivier.fr\/fr\/contactez-nous\/","og_locale":"fr_FR","og_type":"article","og_title":"Contact - Le Travail du Bois d&#039;Olivier","og_description":"Me contacter Pour plus d&rsquo;informations, n&rsquo;h\u00e9sitez pas Je ne propose pas de vente en ligne ou par correspondance, mes produits sont exclusivement disponibles dans ma boutique de Tourrettes-sur-Loup. La Boutique 4 Grande Rue 06140 Tourrettes sur Loup Google map T\u00e9l. +(33)6 24 34 29 35 Horaires d&rsquo;ouverture 7 jours sur 7 &#038; toute l\u2019ann\u00e9e 14h [&hellip;]","og_url":"https:\/\/boisdolivier.fr\/fr\/contactez-nous\/","og_site_name":"Le Travail du Bois d&#039;Olivier","article_modified_time":"2025-03-10T11:00:03+00:00","twitter_card":"summary_large_image","schema":{"@context":"https:\/\/schema.org","@graph":[{"@type":"WebPage","@id":"https:\/\/boisdolivier.fr\/fr\/contactez-nous\/","url":"https:\/\/boisdolivier.fr\/fr\/contactez-nous\/","name":"Contact - Le Travail du Bois d&#039;Olivier","isPartOf":{"@id":"https:\/\/boisdolivier.fr\/de\/#website"},"datePublished":"2020-11-09T10:49:38+00:00","dateModified":"2025-03-10T11:00:03+00:00","breadcrumb":{"@id":"https:\/\/boisdolivier.fr\/fr\/contactez-nous\/#breadcrumb"},"inLanguage":"fr-FR","potentialAction":[{"@type":"ReadAction","target":["https:\/\/boisdolivier.fr\/fr\/contactez-nous\/"]}]},{"@type":"BreadcrumbList","@id":"https:\/\/boisdolivier.fr\/fr\/contactez-nous\/#breadcrumb","itemListElement":[{"@type":"ListItem","position":1,"name":"Accueil","item":"https:\/\/boisdolivier.fr\/fr\/"},{"@type":"ListItem","position":2,"name":"Contact"}]},{"@type":"WebSite","@id":"https:\/\/boisdolivier.fr\/de\/#website","url":"https:\/\/boisdolivier.fr\/de\/","name":"Le Travail du Bois d&#039;Olivier","description":"Le travail artisanal du bois d&#039;olivier - Dubosq &amp; Fils","potentialAction":[{"@type":"SearchAction","target":{"@type":"EntryPoint","urlTemplate":"https:\/\/boisdolivier.fr\/de\/?s={search_term_string}"},"query-input":{"@type":"PropertyValueSpecification","valueRequired":true,"valueName":"search_term_string"}}],"inLanguage":"fr-FR"}]}},"_links":{"self":[{"href":"https:\/\/boisdolivier.fr\/fr\/wp-json\/wp\/v2\/pages\/58","targetHints":{"allow":["GET"]}}],"collection":[{"href":"https:\/\/boisdolivier.fr\/fr\/wp-json\/wp\/v2\/pages"}],"about":[{"href":"https:\/\/boisdolivier.fr\/fr\/wp-json\/wp\/v2\/types\/page"}],"author":[{"embeddable":true,"href":"https:\/\/boisdolivier.fr\/fr\/wp-json\/wp\/v2\/users\/1"}],"replies":[{"embeddable":true,"href":"https:\/\/boisdolivier.fr\/fr\/wp-json\/wp\/v2\/comments?post=58"}],"version-history":[{"count":106,"href":"https:\/\/boisdolivier.fr\/fr\/wp-json\/wp\/v2\/pages\/58\/revisions"}],"predecessor-version":[{"id":4337,"href":"https:\/\/boisdolivier.fr\/fr\/wp-json\/wp\/v2\/pages\/58\/revisions\/4337"}],"wp:attachment":[{"href":"https:\/\/boisdolivier.fr\/fr\/wp-json\/wp\/v2\/media?parent=58"}],"curies":[{"name":"wp","href":"https:\/\/api.w.org\/{rel}","templated":true}]}}