{"id":4216,"date":"2021-01-22T10:10:16","date_gmt":"2021-01-22T09:10:16","guid":{"rendered":"https:\/\/boisdolivier.fr\/mentions-legales\/"},"modified":"2025-09-09T10:43:54","modified_gmt":"2025-09-09T08:43:54","slug":"impressum","status":"publish","type":"page","link":"https:\/\/boisdolivier.fr\/de\/impressum\/","title":{"rendered":"Impressum"},"content":{"rendered":"<h1>Le travail du bois d&#8217;olivier<\/h1>\n<h1>Impressum<\/h1>\n<div>Webdesign und Entwicklung der Website<\/div>\n<div>Holymel Studio \/ M\u00e9lanie Sana<br \/>\nTel. 06 28 65 55 10 \/ Siren 793 573 932<br \/>\n<a href=\"https:\/\/holymel.fr\/\" rel=\"nofollow\" class=\"uk-button uk-button-text\" target=\"_blank\" rel=\"noopener\"><span uk-icon=\"world\"><\/span> holymel.fr<\/a>\n<\/div>\n<div>Verantwortlich f\u00fcr die Ver\u00f6ffentlichung<\/div>\n<div>Guillaume Dubosq<br \/>\nSIRET-Nummer: 44829020500013<br \/>\nTarifvertragliche Branche: IDCC 1517<br \/>\nFranz\u00f6sisches Handwerksregisternummer: 448290205RM006<br \/>\nNAFA-Nr.: 1629ZA<br \/>\nAPE-Code: 4778C<\/p>\n<p><a href=\"\/de\/kontakt\/\" class=\"uk-button uk-button-text\">Kontakt<\/a><\/div>\n<div>Bildnachweis: <\/div>\n<div>S\u00e9bastien Duijndam<br \/>\n<a href=\"http:\/\/www.lecoinphoto.com\/Le_Coin_Photo_-_Photographe.html\" class=\"uk-button uk-button-text\" target=\"_blank\"><span uk-icon=\"world\"><\/span> lecoinphoto.com<\/a><\/div>\n<div>Webhost:<\/div>\n<div>\n<p>Infomaniak Network SA<br \/>Rue Eug\u00e8ne-Marziano 250 <br \/>1227 Gen\u00e8ve<br \/>Tel +41.228.203.544<br \/><a href=\"https:\/\/www.infomaniak.com\/goto\/fr\/home?utm_term=604e63a40a7ab\" rel=\"nofollow\" class=\"uk-button uk-button-text\" target=\"_blank\" rel=\"noopener\"><span uk-icon=\"world\"><\/span> infomaniak<\/a><\/p>\n<\/div>\n<div>Geistiges Eigentum und Copyright<\/div>\n<div>Die Website \u201eBoisdolivier.de\u201c ist durch die geltenden Gesetze zu geistigem Eigentum und Urheberrechten gesch\u00fctzt. S\u00e4mtliche Informationen, die auf dieser Website bereitgestellt werden, unterliegen dem Copyright und sind Eigentum der Kunstdrechslerei Le Travail du Bois d\u2019Olivier, sofern Sie nicht Eigentum Dritter sind. Aus den vorzufindenden Informationen ist kein Anrecht auf Nutzung der Bilder, Marken, Dienstleistungsmarken oder des Logos der Kunstdrechslerei Le Travail du Bois d\u2019Olivier abzuleiten. Mit dem Download von Daten und Anwendungen werden keinerlei Rechte \u00fcbertragen. Alle Rechte, die Informationen auf dieser Website betreffen, sind der Kunstdrechslerei Le Travail du Bois d\u2019Olivier vorbehalten, die von diesen Rechten im vollem Umfang der gesetzlich vorgesehenen Bestimmungen Gebrauch machen wird.<\/div>\n<div>Haftung<\/div>\n<div>Die Website \u201ewww.boisdolivier.de\u201c enth\u00e4lt Hyperlinks, die zu anderen Websites f\u00fchren. Da die Kunstdrechslerei Le Travail du Bois d\u2019Olivier keinen Einfluss auf diese Seiten nehmen kann, haftet sie nicht f\u00fcr die Bereitstellung dieser Seiten und fremden Quellen noch f\u00fcr die Inhalte, die auf diesen Seiten Dritter ver\u00f6ffentlicht bzw. geschaffen werden.<\/div>\n<div>Vorbehalt hinsichtlich Richtigkeit und Garantie<\/div>\n<div>Die Informationen auf dieser Website wurden von der Kunstdrechslerei Le Travail du Bois d\u2019Olivier zusammengestellt. Dabei wurden die notwendigen Ma\u00dfnahmen getroffen, um die Zuverl\u00e4ssigkeit, Richtigkeit und Vollst\u00e4ndigkeit dieser Informationen sicherzustellen. Die Kunstdrechslerei Le Travail du Bois d\u2019Olivier garantiert jedoch ungeachtet des Verwendungszwecks weder ausdr\u00fccklich noch stillschweigend die Genauigkeit, Vollst\u00e4ndigkeit oder Angemessenheit dieser Angaben. Die Kunstdrechslerei Le Travail du Bois d\u2019Olivier kann \u00c4nderungen der auf dieser Website vorzufindenden Inhalte infolge technischen Versagens nicht ausschlie\u00dfen (Abmeldung, Interferenzen durch Dritte, Viren usw.).<\/div>\n<div>Einschr\u00e4nkung der Haftung<\/div>\n<div>Die Kunstdrechslerei Le Travail du Bois d\u2019Olivier kann im Rahmen der gesetzlich festgelegten Bestimmungen nicht f\u00fcr etwaige Verluste und Sch\u00e4den haftbar gemacht werden, die direkt oder indirekt infolge eines Besuchs dieser Website oder anderer mit ihr verbundenen Seiten, infolge eines Zugriffs bzw. der Navigation auf dieser Seite oder infolge eines Downloads von dieser Seite entstehen.<br \/>\nSie k\u00f6nnen der Kunstdrechslerei Le Travail du Bois d\u2019Olivier \u00fcber diese Website E-Mails senden. Die \u00dcbermittlung erfolgt \u00fcber das Internet, d. h. \u00fcber ein \u00f6ffentliches Netzwerk, das sich der Kontrolle der Kunstdrechslerei Le Travail du Bois d\u2019Olivier entzieht. Die E-Mails k\u00f6nnen verloren gehen, abgefangen oder ge\u00e4ndert werden. Die Kunstdrechslerei Le Travail du Bois d\u2019Olivier \u00fcbernimmt daf\u00fcr keinerlei Haftung.<\/div>\n<p><!--more--><br \/>\n<!-- {\"type\":\"layout\",\"children\":[{\"name\":\"section titre notre histoire\",\"type\":\"section\",\"props\":{\"animation\":\"slide-left-small\",\"animation_delay\":false,\"class\":\"uk-section-overlap-flip\",\"header_transparent\":true,\"header_transparent_text_color\":\"dark\",\"image_effect\":\"fixed\",\"image_position\":\"top-right\",\"image_size\":\"cover\",\"media_overlay\":\"rgba(255, 255, 255, 0.66)\",\"media_visibility\":\"s\",\"overlap\":false,\"padding\":\"large\",\"padding_remove_horizontal\":false,\"padding_remove_top\":false,\"style\":\"default\",\"title_breakpoint\":\"xl\",\"title_position\":\"center-right\",\"title_rotation\":\"right\",\"vertical_align\":\"\",\"width\":\"default\"},\"children\":[{\"type\":\"row\",\"props\":{\"margin\":\"default\"},\"children\":[{\"type\":\"column\",\"props\":{\"image_position\":\"center-center\",\"position_sticky_breakpoint\":\"m\",\"width_medium\":\"1-1\"},\"children\":[{\"type\":\"headline\",\"props\":{\"animation\":\"slide-top-small\",\"content\":\"Le travail du bois d'olivier\",\"margin_remove_bottom\":true,\"text_align\":\"left\",\"title_color\":\"primary\",\"title_element\":\"h1\",\"title_style\":\"h6\"}},{\"type\":\"headline\",\"props\":{\"animation\":\"slide-bottom-medium\",\"block_align\":\"center\",\"content\":\"Impressum\",\"css\":\".el-element { font-size: 24px; letter-spacing: 0.03em;}\",\"margin\":\"remove-vertical\",\"margin_remove_bottom\":true,\"margin_remove_top\":false,\"text_align\":\"left\",\"title_element\":\"h1\",\"title_font_family\":\"secondary\",\"title_style\":\"h3\"}},{\"type\":\"divider\",\"props\":{\"animation\":\"slide-top-medium\",\"divider_align\":\"left\",\"divider_element\":\"div\",\"divider_style\":\"icon\",\"margin\":\"remove-vertical\",\"margin_remove_top\":false,\"maxwidth\":\"small\"}}]}]},{\"type\":\"row\",\"children\":[{\"type\":\"column\",\"props\":{\"image_position\":\"center-center\",\"position_sticky_breakpoint\":\"m\"},\"children\":[{\"type\":\"text\",\"props\":{\"column_breakpoint\":\"m\",\"content\":\"Webdesign und Entwicklung der Website\",\"css\":\".el-element { font-size: 20px;}\",\"margin\":\"small\",\"text_style\":\"lead\"}},{\"type\":\"text\",\"props\":{\"column_breakpoint\":\"m\",\"content\":\"Holymel Studio \\\/ M\\u00e9lanie Sana<br \/>\\nTel. 06 28 65 55 10 \\\/ Siren 793 573 932<br \/>\\n<a href=\\\"https:\\\/\\\/holymel.fr\\\/\\\" rel=\\\"nofollow\\\" class=\\\"uk-button uk-button-text\\\" target=\\\"_blank\\\" rel=\\\"noopener\\\"><span uk-icon=\\\"world\\\"><\\\/span> holymel.fr<\\\/a><br \/>\\n\",\"margin\":\"default\",\"margin_remove_top\":true}}]}],\"props\":{\"margin\":\"medium\"}},{\"type\":\"row\",\"children\":[{\"type\":\"column\",\"props\":{\"image_position\":\"center-center\",\"position_sticky_breakpoint\":\"m\"},\"children\":[{\"type\":\"text\",\"props\":{\"column_breakpoint\":\"m\",\"content\":\"Verantwortlich f\\u00fcr die Ver\\u00f6ffentlichung\",\"css\":\".el-element { font-size: 20px;}\",\"margin\":\"small\",\"text_style\":\"lead\"}},{\"type\":\"text\",\"props\":{\"column_breakpoint\":\"m\",\"content\":\"Guillaume Dubosq<br \/>\\nSIRET-Nummer: 44829020500013<br \/>\\nTarifvertragliche Branche: IDCC 1517<br \/>\\nFranz\\u00f6sisches Handwerksregisternummer: 448290205RM006<br \/>\\nNAFA-Nr.: 1629ZA<br \/>\\nAPE-Code: 4778C<br \/>\\n\\n<a href=\\\"de\\\/kontakt\\\/\\\" class=\\\"uk-button uk-button-text\\\">Kontakt<\\\/a>\",\"margin\":\"default\",\"margin_remove_top\":true}}]}],\"props\":{\"margin\":\"medium\"}},{\"type\":\"row\",\"children\":[{\"type\":\"column\",\"props\":{\"image_position\":\"center-center\",\"position_sticky_breakpoint\":\"m\"},\"children\":[{\"type\":\"text\",\"props\":{\"column_breakpoint\":\"m\",\"content\":\"Bildnachweis: \",\"css\":\".el-element { font-size: 20px;}\",\"margin\":\"small\",\"text_style\":\"lead\"}},{\"type\":\"text\",\"props\":{\"column_breakpoint\":\"m\",\"content\":\"S\\u00e9bastien Duijndam<br \/>\\n<a href=\\\"http:\\\/\\\/www.lecoinphoto.com\\\/Le_Coin_Photo_-_Photographe.html\\\" class=\\\"uk-button uk-button-text\\\" target=\\\"_blank\\\"><span uk-icon=\\\"world\\\"><\\\/span> lecoinphoto.com<\\\/a>\",\"margin\":\"default\",\"margin_remove_top\":true}}]}],\"props\":{\"margin\":\"medium\"}},{\"type\":\"row\",\"children\":[{\"type\":\"column\",\"props\":{\"image_position\":\"center-center\",\"position_sticky_breakpoint\":\"m\"},\"children\":[{\"type\":\"text\",\"props\":{\"column_breakpoint\":\"m\",\"content\":\"Webhost:\",\"css\":\".el-element { font-size: 20px;}\",\"margin\":\"small\",\"text_style\":\"lead\"}},{\"type\":\"text\",\"props\":{\"column_breakpoint\":\"m\",\"content\":\"\n\n<p>Infomaniak Network SA<br \\\/>Rue Eug\\u00e8ne-Marziano 250 <br \\\/>1227 Gen\\u00e8ve<br \\\/>Tel +41.228.203.544<br \\\/><a href=\\\"https:\\\/\\\/www.infomaniak.com\\\/goto\\\/fr\\\/home?utm_term=604e63a40a7ab\\\" rel=\\\"nofollow\\\" class=\\\"uk-button uk-button-text\\\" target=\\\"_blank\\\" rel=\\\"noopener\\\"><span uk-icon=\\\"world\\\"><\\\/span> infomaniak<\\\/a><\\\/p>\",\"margin\":\"default\",\"margin_remove_top\":true}}]}],\"props\":{\"margin\":\"medium\"}},{\"type\":\"row\",\"children\":[{\"type\":\"column\",\"props\":{\"image_position\":\"center-center\",\"position_sticky_breakpoint\":\"m\"},\"children\":[{\"type\":\"divider\",\"props\":{\"animation\":\"slide-top-medium\",\"divider_align\":\"left\",\"divider_element\":\"div\",\"margin\":\"remove-vertical\",\"margin_remove_top\":false}}]}]},{\"type\":\"row\",\"children\":[{\"type\":\"column\",\"props\":{\"image_position\":\"center-center\",\"position_sticky_breakpoint\":\"m\"},\"children\":[{\"type\":\"text\",\"props\":{\"column_breakpoint\":\"m\",\"content\":\"Geistiges Eigentum und Copyright\",\"css\":\".el-element { font-size: 20px;}\",\"margin\":\"small\",\"text_style\":\"lead\"}},{\"type\":\"text\",\"props\":{\"column_breakpoint\":\"m\",\"content\":\"Die Website \\u201eBoisdolivier.de\\u201c ist durch die geltenden Gesetze zu geistigem Eigentum und Urheberrechten gesch\\u00fctzt. S\\u00e4mtliche Informationen, die auf dieser Website bereitgestellt werden, unterliegen dem Copyright und sind Eigentum der Kunstdrechslerei Le Travail du Bois d\\u2019Olivier, sofern Sie nicht Eigentum Dritter sind. Aus den vorzufindenden Informationen ist kein Anrecht auf Nutzung der Bilder, Marken, Dienstleistungsmarken oder des Logos der Kunstdrechslerei Le Travail du Bois d\\u2019Olivier abzuleiten. Mit dem Download von Daten und Anwendungen werden keinerlei Rechte \\u00fcbertragen. Alle Rechte, die Informationen auf dieser Website betreffen, sind der Kunstdrechslerei Le Travail du Bois d\\u2019Olivier vorbehalten, die von diesen Rechten im vollem Umfang der gesetzlich vorgesehenen Bestimmungen Gebrauch machen wird.\",\"margin\":\"default\",\"margin_remove_top\":true}}]}],\"props\":{\"margin\":\"medium\"}},{\"type\":\"row\",\"children\":[{\"type\":\"column\",\"props\":{\"image_position\":\"center-center\",\"position_sticky_breakpoint\":\"m\"},\"children\":[{\"type\":\"text\",\"props\":{\"column_breakpoint\":\"m\",\"content\":\"Haftung\",\"css\":\".el-element { font-size: 20px;}\",\"margin\":\"small\",\"text_style\":\"lead\"}},{\"type\":\"text\",\"props\":{\"column_breakpoint\":\"m\",\"content\":\"Die Website \\u201ewww.boisdolivier.de\\u201c enth\\u00e4lt Hyperlinks, die zu anderen Websites f\\u00fchren. Da die Kunstdrechslerei Le Travail du Bois d\\u2019Olivier keinen Einfluss auf diese Seiten nehmen kann, haftet sie nicht f\\u00fcr die Bereitstellung dieser Seiten und fremden Quellen noch f\\u00fcr die Inhalte, die auf diesen Seiten Dritter ver\\u00f6ffentlicht bzw. geschaffen werden.\",\"margin\":\"default\",\"margin_remove_top\":true}}]}],\"props\":{\"margin\":\"medium\"}},{\"type\":\"row\",\"children\":[{\"type\":\"column\",\"props\":{\"image_position\":\"center-center\",\"position_sticky_breakpoint\":\"m\"},\"children\":[{\"type\":\"text\",\"props\":{\"column_breakpoint\":\"m\",\"content\":\"Vorbehalt hinsichtlich Richtigkeit und Garantie\",\"css\":\".el-element { font-size: 20px;}\",\"margin\":\"small\",\"text_style\":\"lead\"}},{\"type\":\"text\",\"props\":{\"column_breakpoint\":\"m\",\"content\":\"Die Informationen auf dieser Website wurden von der Kunstdrechslerei Le Travail du Bois d\\u2019Olivier zusammengestellt. Dabei wurden die notwendigen Ma\\u00dfnahmen getroffen, um die Zuverl\\u00e4ssigkeit, Richtigkeit und Vollst\\u00e4ndigkeit dieser Informationen sicherzustellen. Die Kunstdrechslerei Le Travail du Bois d\\u2019Olivier garantiert jedoch ungeachtet des Verwendungszwecks weder ausdr\\u00fccklich noch stillschweigend die Genauigkeit, Vollst\\u00e4ndigkeit oder Angemessenheit dieser Angaben. Die Kunstdrechslerei Le Travail du Bois d\\u2019Olivier kann \\u00c4nderungen der auf dieser Website vorzufindenden Inhalte infolge technischen Versagens nicht ausschlie\\u00dfen (Abmeldung, Interferenzen durch Dritte, Viren usw.).\",\"margin\":\"default\",\"margin_remove_top\":true}}]}],\"props\":{\"margin\":\"medium\"}},{\"type\":\"row\",\"children\":[{\"type\":\"column\",\"props\":{\"image_position\":\"center-center\",\"position_sticky_breakpoint\":\"m\"},\"children\":[{\"type\":\"text\",\"props\":{\"column_breakpoint\":\"m\",\"content\":\"Einschr\\u00e4nkung der Haftung\",\"css\":\".el-element { font-size: 20px;}\",\"margin\":\"small\",\"text_style\":\"lead\"}},{\"type\":\"text\",\"props\":{\"column_breakpoint\":\"m\",\"content\":\"Die Kunstdrechslerei Le Travail du Bois d\\u2019Olivier kann im Rahmen der gesetzlich festgelegten Bestimmungen nicht f\\u00fcr etwaige Verluste und Sch\\u00e4den haftbar gemacht werden, die direkt oder indirekt infolge eines Besuchs dieser Website oder anderer mit ihr verbundenen Seiten, infolge eines Zugriffs bzw. der Navigation auf dieser Seite oder infolge eines Downloads von dieser Seite entstehen.\\nSie k\\u00f6nnen der Kunstdrechslerei Le Travail du Bois d\\u2019Olivier \\u00fcber diese Website E-Mails senden. Die \\u00dcbermittlung erfolgt \\u00fcber das Internet, d. h. \\u00fcber ein \\u00f6ffentliches Netzwerk, das sich der Kontrolle der Kunstdrechslerei Le Travail du Bois d\\u2019Olivier entzieht. Die E-Mails k\\u00f6nnen verloren gehen, abgefangen oder ge\\u00e4ndert werden. Die Kunstdrechslerei Le Travail du Bois d\\u2019Olivier \\u00fcbernimmt daf\\u00fcr keinerlei Haftung.\",\"margin\":\"default\",\"margin_remove_top\":true}}]}],\"props\":{\"margin\":\"medium\"}}],\"modified\":\"2020-11-26T10:01:14.896Z\"}],\"version\":\"4.5.26\"} --><\/p>\n","protected":false},"excerpt":{"rendered":"<p>Le travail du bois d&#8217;olivier Impressum Webdesign und Entwicklung der Website Holymel Studio \/ M\u00e9lanie Sana Tel. 06 28 65 55 10 \/ Siren 793 573 932 holymel.fr Verantwortlich f\u00fcr die Ver\u00f6ffentlichung Guillaume Dubosq SIRET-Nummer: 44829020500013 Tarifvertragliche Branche: IDCC 1517 Franz\u00f6sisches Handwerksregisternummer: 448290205RM006 NAFA-Nr.: 1629ZA APE-Code: 4778C Kontakt Bildnachweis: S\u00e9bastien Duijndam lecoinphoto.com Webhost: Infomaniak Network [&hellip;]<\/p>\n","protected":false},"author":1,"featured_media":0,"parent":0,"menu_order":0,"comment_status":"closed","ping_status":"closed","template":"","meta":{"footnotes":""},"class_list":["post-4216","page","type-page","status-publish","hentry"],"yoast_head":"<!-- This site is optimized with the Yoast SEO plugin v25.8 - https:\/\/yoast.com\/wordpress\/plugins\/seo\/ -->\n<title>Impressum - Le Travail du Bois d&#039;Olivier<\/title>\n<meta name=\"robots\" content=\"index, follow, max-snippet:-1, max-image-preview:large, max-video-preview:-1\" \/>\n<link rel=\"canonical\" href=\"https:\/\/boisdolivier.fr\/de\/impressum\/\" \/>\n<meta property=\"og:locale\" content=\"de_DE\" \/>\n<meta property=\"og:type\" content=\"article\" \/>\n<meta property=\"og:title\" content=\"Impressum - Le Travail du Bois d&#039;Olivier\" \/>\n<meta property=\"og:description\" content=\"Le travail du bois d&#8217;olivier Impressum Webdesign und Entwicklung der Website Holymel Studio \/ M\u00e9lanie Sana Tel. 06 28 65 55 10 \/ Siren 793 573 932 holymel.fr Verantwortlich f\u00fcr die Ver\u00f6ffentlichung Guillaume Dubosq SIRET-Nummer: 44829020500013 Tarifvertragliche Branche: IDCC 1517 Franz\u00f6sisches Handwerksregisternummer: 448290205RM006 NAFA-Nr.: 1629ZA APE-Code: 4778C Kontakt Bildnachweis: S\u00e9bastien Duijndam lecoinphoto.com Webhost: Infomaniak Network [&hellip;]\" \/>\n<meta property=\"og:url\" content=\"https:\/\/boisdolivier.fr\/de\/impressum\/\" \/>\n<meta property=\"og:site_name\" content=\"Le Travail du Bois d&#039;Olivier\" \/>\n<meta property=\"article:modified_time\" content=\"2025-09-09T08:43:54+00:00\" \/>\n<meta name=\"twitter:card\" content=\"summary_large_image\" \/>\n<meta name=\"twitter:label1\" content=\"Gesch\u00e4tzte Lesezeit\" \/>\n\t<meta name=\"twitter:data1\" content=\"2\u00a0Minuten\" \/>\n<script type=\"application\/ld+json\" class=\"yoast-schema-graph\">{\"@context\":\"https:\/\/schema.org\",\"@graph\":[{\"@type\":\"WebPage\",\"@id\":\"https:\/\/boisdolivier.fr\/de\/impressum\/\",\"url\":\"https:\/\/boisdolivier.fr\/de\/impressum\/\",\"name\":\"Impressum - Le Travail du Bois d&#039;Olivier\",\"isPartOf\":{\"@id\":\"https:\/\/boisdolivier.fr\/de\/#website\"},\"datePublished\":\"2021-01-22T09:10:16+00:00\",\"dateModified\":\"2025-09-09T08:43:54+00:00\",\"breadcrumb\":{\"@id\":\"https:\/\/boisdolivier.fr\/de\/impressum\/#breadcrumb\"},\"inLanguage\":\"de\",\"potentialAction\":[{\"@type\":\"ReadAction\",\"target\":[\"https:\/\/boisdolivier.fr\/de\/impressum\/\"]}]},{\"@type\":\"BreadcrumbList\",\"@id\":\"https:\/\/boisdolivier.fr\/de\/impressum\/#breadcrumb\",\"itemListElement\":[{\"@type\":\"ListItem\",\"position\":1,\"name\":\"Accueil\",\"item\":\"https:\/\/boisdolivier.fr\/fr\/\"},{\"@type\":\"ListItem\",\"position\":2,\"name\":\"Impressum\"}]},{\"@type\":\"WebSite\",\"@id\":\"https:\/\/boisdolivier.fr\/de\/#website\",\"url\":\"https:\/\/boisdolivier.fr\/de\/\",\"name\":\"Le Travail du Bois d&#039;Olivier\",\"description\":\"Le travail artisanal du bois d&#039;olivier - Dubosq &amp; Fils\",\"potentialAction\":[{\"@type\":\"SearchAction\",\"target\":{\"@type\":\"EntryPoint\",\"urlTemplate\":\"https:\/\/boisdolivier.fr\/de\/?s={search_term_string}\"},\"query-input\":{\"@type\":\"PropertyValueSpecification\",\"valueRequired\":true,\"valueName\":\"search_term_string\"}}],\"inLanguage\":\"de\"}]}<\/script>\n<!-- \/ Yoast SEO plugin. -->","yoast_head_json":{"title":"Impressum - Le Travail du Bois d&#039;Olivier","robots":{"index":"index","follow":"follow","max-snippet":"max-snippet:-1","max-image-preview":"max-image-preview:large","max-video-preview":"max-video-preview:-1"},"canonical":"https:\/\/boisdolivier.fr\/de\/impressum\/","og_locale":"de_DE","og_type":"article","og_title":"Impressum - Le Travail du Bois d&#039;Olivier","og_description":"Le travail du bois d&#8217;olivier Impressum Webdesign und Entwicklung der Website Holymel Studio \/ M\u00e9lanie Sana Tel. 06 28 65 55 10 \/ Siren 793 573 932 holymel.fr Verantwortlich f\u00fcr die Ver\u00f6ffentlichung Guillaume Dubosq SIRET-Nummer: 44829020500013 Tarifvertragliche Branche: IDCC 1517 Franz\u00f6sisches Handwerksregisternummer: 448290205RM006 NAFA-Nr.: 1629ZA APE-Code: 4778C Kontakt Bildnachweis: S\u00e9bastien Duijndam lecoinphoto.com Webhost: Infomaniak Network [&hellip;]","og_url":"https:\/\/boisdolivier.fr\/de\/impressum\/","og_site_name":"Le Travail du Bois d&#039;Olivier","article_modified_time":"2025-09-09T08:43:54+00:00","twitter_card":"summary_large_image","twitter_misc":{"Gesch\u00e4tzte Lesezeit":"2\u00a0Minuten"},"schema":{"@context":"https:\/\/schema.org","@graph":[{"@type":"WebPage","@id":"https:\/\/boisdolivier.fr\/de\/impressum\/","url":"https:\/\/boisdolivier.fr\/de\/impressum\/","name":"Impressum - Le Travail du Bois d&#039;Olivier","isPartOf":{"@id":"https:\/\/boisdolivier.fr\/de\/#website"},"datePublished":"2021-01-22T09:10:16+00:00","dateModified":"2025-09-09T08:43:54+00:00","breadcrumb":{"@id":"https:\/\/boisdolivier.fr\/de\/impressum\/#breadcrumb"},"inLanguage":"de","potentialAction":[{"@type":"ReadAction","target":["https:\/\/boisdolivier.fr\/de\/impressum\/"]}]},{"@type":"BreadcrumbList","@id":"https:\/\/boisdolivier.fr\/de\/impressum\/#breadcrumb","itemListElement":[{"@type":"ListItem","position":1,"name":"Accueil","item":"https:\/\/boisdolivier.fr\/fr\/"},{"@type":"ListItem","position":2,"name":"Impressum"}]},{"@type":"WebSite","@id":"https:\/\/boisdolivier.fr\/de\/#website","url":"https:\/\/boisdolivier.fr\/de\/","name":"Le Travail du Bois d&#039;Olivier","description":"Le travail artisanal du bois d&#039;olivier - Dubosq &amp; Fils","potentialAction":[{"@type":"SearchAction","target":{"@type":"EntryPoint","urlTemplate":"https:\/\/boisdolivier.fr\/de\/?s={search_term_string}"},"query-input":{"@type":"PropertyValueSpecification","valueRequired":true,"valueName":"search_term_string"}}],"inLanguage":"de"}]}},"_links":{"self":[{"href":"https:\/\/boisdolivier.fr\/de\/wp-json\/wp\/v2\/pages\/4216","targetHints":{"allow":["GET"]}}],"collection":[{"href":"https:\/\/boisdolivier.fr\/de\/wp-json\/wp\/v2\/pages"}],"about":[{"href":"https:\/\/boisdolivier.fr\/de\/wp-json\/wp\/v2\/types\/page"}],"author":[{"embeddable":true,"href":"https:\/\/boisdolivier.fr\/de\/wp-json\/wp\/v2\/users\/1"}],"replies":[{"embeddable":true,"href":"https:\/\/boisdolivier.fr\/de\/wp-json\/wp\/v2\/comments?post=4216"}],"version-history":[{"count":8,"href":"https:\/\/boisdolivier.fr\/de\/wp-json\/wp\/v2\/pages\/4216\/revisions"}],"predecessor-version":[{"id":4447,"href":"https:\/\/boisdolivier.fr\/de\/wp-json\/wp\/v2\/pages\/4216\/revisions\/4447"}],"wp:attachment":[{"href":"https:\/\/boisdolivier.fr\/de\/wp-json\/wp\/v2\/media?parent=4216"}],"curies":[{"name":"wp","href":"https:\/\/api.w.org\/{rel}","templated":true}]}}